{"id":14,"date":"2014-05-19T23:51:13","date_gmt":"2014-05-19T23:51:13","guid":{"rendered":"http:\/\/jmargu.webs.ull.es\/?page_id=14"},"modified":"2022-04-17T09:13:52","modified_gmt":"2022-04-17T09:13:52","slug":"research","status":"publish","type":"page","link":"https:\/\/jmargu.webs.ull.es\/?page_id=14","title":{"rendered":"Investigaci\u00f3n y Proyectos"},"content":{"rendered":"<div id=\"google_language_translator\" class=\"default-language-es\"><\/div>\n<p><strong>Please feel free to translate project titles, using above link.<\/strong><\/p>\n<p style=\"text-align: right;\"><span style=\"color: #0000ff;\"><strong>Reconocimiento de la Actividad Investigadora<\/strong><\/span><\/p>\n<p style=\"text-align: left;\"><em>Evaluado por la Comisi\u00f3n Nacional Evaluadora de la Actividad Investigadora (CNEAI).<\/em><\/p>\n<p style=\"text-align: left;\"><strong>Reconocido 2 sexenios de investigaci\u00f3n.<\/strong> (Periodo 2004-2010)&nbsp; (Periodo 2011-2016)<br \/>\n<em>Reconocido por Agencia Canaria de Evaluaci\u00f3n de la Calidad y Acreditaci\u00f3n Universitaria (ACECAU).<\/em> <strong>Tres tramos de investigaci\u00f3n<\/strong>.<\/p>\n<p style=\"text-align: right;\"><span style=\"color: #0000ff;\"><strong>Tesis dirigidas<\/strong><\/span><\/p>\n<ol>\n<li><strong><em>La tecnolog\u00eda al servicio de la interpretaci\u00f3n y conservaci\u00f3n del patrimonio, su formaci\u00f3n y difusi\u00f3n. <\/em><\/strong>Ovidia Soto Mart\u00edn. Universidad de La Laguna. Diciembre 2021. Calificaci\u00f3n: Sobresaliente &#8211; Cum Laude. L\u00ednea de investigaci\u00f3n: Tecnolog\u00edas Virtuales y Arte<\/li>\n<li><strong><em>Gu\u00eda para el Dise\u00f1o de Software que Faciliten su Uso por Personas con S\u00edndrome de Down.<\/em><\/strong> Marta Sylvia del R\u00edo. Universidad de La Laguna. Marzo 2020. Calificaci\u00f3n: Sobresaliente &#8211; Cum Laude. L\u00ednea de investigaci\u00f3n: Experiencia del Usuario<\/li>\n<li><strong><em>Definici\u00f3n de lineamientos para la evaluaci\u00f3n de experiencia de uso de interfaces digitales urbanas dirigidas a ciudadanos.<\/em><\/strong> Luis Carlos Aceves Guti\u00e9rrez. Universidad de La Laguna. Marzo 2020. Calificaci\u00f3n: Sobresaliente &#8211; Cum Laude. L\u00ednea de investigaci\u00f3n: Experiencia del Usuario<\/li>\n<li><em><strong>Innovaci\u00f3n y procesos de aprendizaje. Uso de Objetos de Aprendizaje como apoyo a la docencia en la expresi\u00f3n gr\u00e1fica e influencia en la motivaci\u00f3n y en los enfoques de aprendizaje.<\/strong><\/em> Juan Alejandro Meli\u00e1n Meli\u00e1n. Universidad de la Laguna. Julio 2017.&nbsp;Calificaci\u00f3n: Sobresaliente &#8211; Cum Laude<\/li>\n<li class=\"p1\"><em><strong>Habilidades Espaciales y G\u00e9nero. An\u00e1lisis y desarrollo en estudiantes de los grados de ingenier\u00eda en la Universidad de Las Palmas de Gran Canaria.<\/strong><\/em> Cristina Roca Gonz\u00e1lez. Universidad de Las Palmas de Gran Canaria. Febrero 2016.&nbsp;Calificaci\u00f3n: Sobresaliente &#8211; Cum Laude<\/li>\n<li class=\"p1\"><em><strong>Adopci\u00f3n del Aprendizaje Basado en Problemas: Retos organizativos y tecnol\u00f3gicos en la formaci\u00f3n t\u00e9cnica superior.<\/strong><\/em> Carlos Efr\u00e9n Mora Luis. Universidad de La Laguna. Julio 2015.&nbsp;Calificaci\u00f3n: Sobresaliente &#8211; Cum Laude<\/li>\n<li><em><strong>An\u00e1lisis de materiales did\u00e1cticos aplicados a la mejora de las habilidades espaciales, el rendimiento acad\u00e9mico y la motivaci\u00f3n en los estudiantes de ingenier\u00eda gr\u00e1fica.<\/strong><\/em> Melchor Garc\u00eda Dominguez. Universidad de Las Palmas de Gran Canaria. Julio 2013.Calificaci\u00f3n: Sobresaliente &#8211; Cum Laude.<\/li>\n<\/ol>\n<p class=\"p1\" style=\"text-align: right;\"><span style=\"color: #0000ff;\"><strong>Direcci\u00f3n de tesis en curso<\/strong><\/span><\/p>\n<p style=\"text-align: left;\"><strong>PROGRAMA DE DOCTORADO: Ingenier\u00eda Industrial, Inform\u00e1tica y Medioambiente<\/strong><\/p>\n<p>Aaron Miguel Acevedo Rever\u00f3n.&nbsp; Comienzo del trabajo doctoral <span id=\"pt1:r2:0:pgl12\" class=\"x22r x1a\">26\/11\/2021.<\/span><\/p>\n<p style=\"text-align: right;\"><span style=\"color: #0000ff;\"><strong>Proyectos como Investigador Principal<\/strong><\/span><\/p>\n<p>Proyecto Europeo. European Commision&nbsp;<strong>DESTINY &#8211;<\/strong> <strong>Developing Employability Skills Through INnovative education using MOOCs for Youth<\/strong>, Ref 2014-1-UK01-KA203-001625, del <strong>programa Erasmus+ 2014 Key Action 2 (KA2), Cooperation for innovation and the exchange of good practices. <\/strong>Octubre 2014 \u2013 Octubre 2017. Financiaci\u00f3n: 439608\u20ac. Coordinado por Staffordshire University (UK)<\/p>\n<p><b>Entornos de aprendizaje en el \u00e1mbito de la ULL como impulso a la empleabilidad y la competitividad.<\/b> Ref.CSOCSED01. Fundaci\u00f3n Cajacanarias. Enero 2015-diciembre 2016. Financiaci\u00f3n: 11365 \u20ac.<\/p>\n<p><strong>Desarrollo Tecnol\u00f3gico de una plataforma din\u00e1mica interactiva para la difusi\u00f3n inteligente de contenidos basada en la geolocalizaci\u00f3n y segmentaci\u00f3n horaria.<\/strong> Contrato de Investigaci\u00f3n y Desarrollo entre la empresa Ingenier\u00eda Software de Canarias S.L. Insoftcan para el desarrollo del Proyecto DIIN. 16-02-2012 \/ 28-02\/2014. Presupuesto: 49434 \u20ac. Proyecto subvencionado por el Centro para el Desarrollo Tecnol\u00f3gico Industrial (CDTI) &#8211; Ministerio de Econom\u00eda y competitividad. Ref: IBE20110027<\/p>\n<p><strong>Mapas Interactivos con Realidad Aumentada (MIRA).<\/strong> Presupuesto: 60580 \u20ac. Proyecto subvencionado por Consejer\u00eda de Econom\u00eda, Hacienda y Seguridad. Gobierno de Canarias.&nbsp;Programa de apoyo a la innovaci\u00f3n a la peque\u00f1a y mediana empresa<br \/>\n\u00abInnoEmpresa\u00bb 29-10-2013 \/ 29-10-2014. Ref: 2013.TF.0115.<\/p>\n<p><strong>ULLresearch: Reportajes audiovisuales. Investigaciones de relevancia de la Universidad de La Laguna.<\/strong> Presupuesto: 21525 \u20ac. Convocatoria fomento de la culturya cient\u00edfica y de la innovaci\u00f3n. 18-12-2013\/ 30-11-2014. Ref: FCT:13-6751<\/p>\n<p>Contrato para la realizaci\u00f3n de trabajos de car\u00e1cter cient\u00edfico, t\u00e9cnico o art\u00edstico, desarrollo de ense\u00f1anzas de especializaci\u00f3n o actividades espec\u00edficas de formaci\u00f3n entre Gap Rural S.L., la Universidad de la laguna y la fundaci\u00f3n general de la universidad de la laguna para el desarrollo del proyecto denominado <strong>\u00abServicio de consultor\u00eda para el an\u00e1lisis del estado del arte de las tecnolog\u00edas de AR (Augmented Reality) y definici\u00f3n de l\u00edneas de trabajo para el desarrollo de un sistema colaborativo aplicado al patrimonio natural y cultural.\u00bb&nbsp;<\/strong>Convenio tripartito: ULL-FGULL-Gap Rural. 01-07-2019 \/ 01-05-2020<\/p>\n<p>Realidad Virtual y Fabricaci\u00f3n Digital para Conceptualizar y Construir Arquitectura Ef\u00edmera que Revalore el Patio de la Casona del Centro Hist\u00f3rico de Arequipa. <strong>(En evaluaci\u00f3n &#8211; Co-IP)<\/strong><\/p>\n<p>Desarrollo de espacios de sensibilizacion de riesgos de desastres basado en tecnologias de visualizaci\u00f3n emergentes e interactivas en la region de Arequipa.<strong> (En evaluaci\u00f3n &#8211; Co-IP)<\/strong><\/p>\n<p style=\"text-align: right;\"><span style=\"color: #0000ff;\"><strong>Proyectos formando parte del Equipo de Investigaci\u00f3n<\/strong><\/span><\/p>\n<p><strong>STEMPATHY Empat\u00eda y Responsabilidad social para el fomento de las vocaciones STEM.<\/strong> <u>Fundaci\u00f3n Cajacanarias<\/u>. Ref. 2020EDU11. Financiaci\u00f3n: 54.000\u20ac. 01\/02\/2021 \u2013 01\/02\/2024.<\/p>\n<p><strong>INTERESPECIES. Interacciones de la pesca artesanal y buceo con especies protegidas de Canarias.<\/strong> <u>Agencia Canaria de Investigaci\u00f3n<\/u>. Ref. PROID2021010092. Financiaci\u00f3n: 68.220 \u20ac. Octubre 2021- Abril 2023.<\/p>\n<p><strong>RELAR. Remote learning and examination by using AR in maritime VET education.<\/strong> Erasmus+: Asociaciones Estrat\u00e9gicas en Formaci\u00f3n Profesional (KA226). Ref: 2020-1-NL01-KA226-VET-083043. Financiaci\u00f3n: 299.998\u20ac. 01-05-2021 \/ 30-04-2023<\/p>\n<p><strong>Proyecto LDF-Tecnomar. Laboratorio de Desarrollo y Formaci\u00f3n en Tecnolog\u00edas Marinas de la Universidad de La Laguna<\/strong>. <u>Agencia Canaria de Investigaci\u00f3n.<\/u> Financiaci\u00f3n: 213.980\u20ac. Febrero 2021- Diciembre 2022<\/p>\n<p><strong>Aportes de las tecnolog\u00edas de visualizaci\u00f3n&nbsp;emergentes a su acceso a la cultura y mejora social.<\/strong> Presupuesto: 4000 \u20ac.&nbsp;Plan Propio de Investigaci\u00f3n de la Universidad de La Laguna 2014 para&nbsp;potenciar la actividad investigadora en Ciencias Sociales y Jur\u00eddicas y Humanidades. 2014-2015 (1 a\u00f1o) Vicerrectorado de Investigaci\u00f3n e Internacionalizaci\u00f3n. Ref: ULL 2004\/000218<\/p>\n<p><strong>MEJORA DEL RAZONAMIENTO ESPACIAL Y VISUAL MEDIANTE HERRAMIENTAS TECNOLOGICAS AVANZADAS (ESREVIC).<\/strong> Plan Nacional I+D+I. Investigaci\u00f3n Fundamental no Orientada. 2010-2013. (3 a\u00f1os). Ministerio de Ciencia e Innovaci\u00f3n. Ref:TIN2010-21296-002-02<\/p>\n<p><strong>HERRAMIENTAS TECNOLOGICAS AVANZADAS PARA APOYO AL APRENDIZAJE ACTIVO Y ENTRENAMIENTO TECNICO.<\/strong> Plan Nacional I+D+I. Investigaci\u00f3n Fundamental no Orientada. 2010-2013. (3 a\u00f1os). Ministerio de Ciencia e Innovaci\u00f3n. Ref:TIN2010-21296-002-01<\/p>\n<p><strong>EVALUACI\u00d3N Y DESARROLLO DE COMPETENCIAS ASOCIADAS A LA CAPACIDAD DE VISION ESPACIAL EN LOS NUEVOS TITULOS DE GRADO DE INGENIERIA.<\/strong> Programa de Estudios y An\u00e1lisis. 2009-2010. Ministerio de Educaci\u00f3n Cultura y Deporte. Ref: EA 2009-0025<\/p>\n","protected":false},"excerpt":{"rendered":"<p>Please feel free to translate project titles, using above link. Reconocimiento de la Actividad Investigadora Evaluado por la Comisi\u00f3n Nacional Evaluadora de la Actividad Investigadora (CNEAI). Reconocido 2 sexenios de investigaci\u00f3n. (Periodo 2004-2010)&nbsp; (Periodo 2011-2016) Reconocido por Agencia Canaria de Evaluaci\u00f3n de la Calidad y Acreditaci\u00f3n Universitaria (ACECAU). Tres tramos de investigaci\u00f3n. Tesis dirigidas La [&hellip;]<\/p>\n","protected":false},"author":1,"featured_media":0,"parent":0,"menu_order":2,"comment_status":"closed","ping_status":"closed","template":"","meta":{"_bbp_topic_count":0,"_bbp_reply_count":0,"_bbp_total_topic_count":0,"_bbp_total_reply_count":0,"_bbp_voice_count":0,"_bbp_anonymous_reply_count":0,"_bbp_topic_count_hidden":0,"_bbp_reply_count_hidden":0,"_bbp_forum_subforum_count":0,"ngg_post_thumbnail":0,"footnotes":""},"class_list":["post-14","page","type-page","status-publish","hentry"],"yoast_head":"<!-- This site is optimized with the Yoast SEO plugin v22.0 - https:\/\/yoast.com\/wordpress\/plugins\/seo\/ -->\n<title>Investigaci\u00f3n y Proyectos - Jorge Mart\u00edn-Guti\u00e9rrez<\/title>\n<meta name=\"robots\" content=\"index, follow, max-snippet:-1, max-image-preview:large, max-video-preview:-1\" \/>\n<link rel=\"canonical\" href=\"https:\/\/jmargu.webs.ull.es\/?page_id=14\" \/>\n<meta property=\"og:locale\" content=\"es_ES\" \/>\n<meta property=\"og:type\" content=\"article\" \/>\n<meta property=\"og:title\" content=\"Investigaci\u00f3n y Proyectos - Jorge Mart\u00edn-Guti\u00e9rrez\" \/>\n<meta property=\"og:description\" content=\"Please feel free to translate project titles, using above link. Reconocimiento de la Actividad Investigadora Evaluado por la Comisi\u00f3n Nacional Evaluadora de la Actividad Investigadora (CNEAI). Reconocido 2 sexenios de investigaci\u00f3n. (Periodo 2004-2010)&nbsp; (Periodo 2011-2016) Reconocido por Agencia Canaria de Evaluaci\u00f3n de la Calidad y Acreditaci\u00f3n Universitaria (ACECAU). Tres tramos de investigaci\u00f3n. Tesis dirigidas La [&hellip;]\" \/>\n<meta property=\"og:url\" content=\"https:\/\/jmargu.webs.ull.es\/?page_id=14\" \/>\n<meta property=\"og:site_name\" content=\"Jorge Mart\u00edn-Guti\u00e9rrez\" \/>\n<meta property=\"article:modified_time\" content=\"2022-04-17T09:13:52+00:00\" \/>\n<meta name=\"twitter:card\" content=\"summary_large_image\" \/>\n<meta name=\"twitter:label1\" content=\"Tiempo de lectura\" \/>\n\t<meta name=\"twitter:data1\" content=\"5 minutos\" \/>\n<script type=\"application\/ld+json\" class=\"yoast-schema-graph\">{\"@context\":\"https:\/\/schema.org\",\"@graph\":[{\"@type\":\"WebPage\",\"@id\":\"https:\/\/jmargu.webs.ull.es\/?page_id=14\",\"url\":\"https:\/\/jmargu.webs.ull.es\/?page_id=14\",\"name\":\"Investigaci\u00f3n y Proyectos - Jorge Mart\u00edn-Guti\u00e9rrez\",\"isPartOf\":{\"@id\":\"https:\/\/jmargu.webs.ull.es\/#website\"},\"datePublished\":\"2014-05-19T23:51:13+00:00\",\"dateModified\":\"2022-04-17T09:13:52+00:00\",\"breadcrumb\":{\"@id\":\"https:\/\/jmargu.webs.ull.es\/?page_id=14#breadcrumb\"},\"inLanguage\":\"es\",\"potentialAction\":[{\"@type\":\"ReadAction\",\"target\":[\"https:\/\/jmargu.webs.ull.es\/?page_id=14\"]}]},{\"@type\":\"BreadcrumbList\",\"@id\":\"https:\/\/jmargu.webs.ull.es\/?page_id=14#breadcrumb\",\"itemListElement\":[{\"@type\":\"ListItem\",\"position\":1,\"name\":\"Portada\",\"item\":\"https:\/\/jmargu.webs.ull.es\/\"},{\"@type\":\"ListItem\",\"position\":2,\"name\":\"Investigaci\u00f3n y Proyectos\"}]},{\"@type\":\"WebSite\",\"@id\":\"https:\/\/jmargu.webs.ull.es\/#website\",\"url\":\"https:\/\/jmargu.webs.ull.es\/\",\"name\":\"Jorge Mart\u00edn-Guti\u00e9rrez\",\"description\":\"Professor and Researcher at Universidad de La Laguna\",\"potentialAction\":[{\"@type\":\"SearchAction\",\"target\":{\"@type\":\"EntryPoint\",\"urlTemplate\":\"https:\/\/jmargu.webs.ull.es\/?s={search_term_string}\"},\"query-input\":\"required name=search_term_string\"}],\"inLanguage\":\"es\"}]}<\/script>\n<!-- \/ Yoast SEO plugin. -->","yoast_head_json":{"title":"Investigaci\u00f3n y Proyectos - Jorge Mart\u00edn-Guti\u00e9rrez","robots":{"index":"index","follow":"follow","max-snippet":"max-snippet:-1","max-image-preview":"max-image-preview:large","max-video-preview":"max-video-preview:-1"},"canonical":"https:\/\/jmargu.webs.ull.es\/?page_id=14","og_locale":"es_ES","og_type":"article","og_title":"Investigaci\u00f3n y Proyectos - Jorge Mart\u00edn-Guti\u00e9rrez","og_description":"Please feel free to translate project titles, using above link. Reconocimiento de la Actividad Investigadora Evaluado por la Comisi\u00f3n Nacional Evaluadora de la Actividad Investigadora (CNEAI). Reconocido 2 sexenios de investigaci\u00f3n. (Periodo 2004-2010)&nbsp; (Periodo 2011-2016) Reconocido por Agencia Canaria de Evaluaci\u00f3n de la Calidad y Acreditaci\u00f3n Universitaria (ACECAU). Tres tramos de investigaci\u00f3n. Tesis dirigidas La [&hellip;]","og_url":"https:\/\/jmargu.webs.ull.es\/?page_id=14","og_site_name":"Jorge Mart\u00edn-Guti\u00e9rrez","article_modified_time":"2022-04-17T09:13:52+00:00","twitter_card":"summary_large_image","twitter_misc":{"Tiempo de lectura":"5 minutos"},"schema":{"@context":"https:\/\/schema.org","@graph":[{"@type":"WebPage","@id":"https:\/\/jmargu.webs.ull.es\/?page_id=14","url":"https:\/\/jmargu.webs.ull.es\/?page_id=14","name":"Investigaci\u00f3n y Proyectos - Jorge Mart\u00edn-Guti\u00e9rrez","isPartOf":{"@id":"https:\/\/jmargu.webs.ull.es\/#website"},"datePublished":"2014-05-19T23:51:13+00:00","dateModified":"2022-04-17T09:13:52+00:00","breadcrumb":{"@id":"https:\/\/jmargu.webs.ull.es\/?page_id=14#breadcrumb"},"inLanguage":"es","potentialAction":[{"@type":"ReadAction","target":["https:\/\/jmargu.webs.ull.es\/?page_id=14"]}]},{"@type":"BreadcrumbList","@id":"https:\/\/jmargu.webs.ull.es\/?page_id=14#breadcrumb","itemListElement":[{"@type":"ListItem","position":1,"name":"Portada","item":"https:\/\/jmargu.webs.ull.es\/"},{"@type":"ListItem","position":2,"name":"Investigaci\u00f3n y Proyectos"}]},{"@type":"WebSite","@id":"https:\/\/jmargu.webs.ull.es\/#website","url":"https:\/\/jmargu.webs.ull.es\/","name":"Jorge Mart\u00edn-Guti\u00e9rrez","description":"Professor and Researcher at Universidad de La Laguna","potentialAction":[{"@type":"SearchAction","target":{"@type":"EntryPoint","urlTemplate":"https:\/\/jmargu.webs.ull.es\/?s={search_term_string}"},"query-input":"required name=search_term_string"}],"inLanguage":"es"}]}},"_links":{"self":[{"href":"https:\/\/jmargu.webs.ull.es\/index.php?rest_route=\/wp\/v2\/pages\/14","targetHints":{"allow":["GET"]}}],"collection":[{"href":"https:\/\/jmargu.webs.ull.es\/index.php?rest_route=\/wp\/v2\/pages"}],"about":[{"href":"https:\/\/jmargu.webs.ull.es\/index.php?rest_route=\/wp\/v2\/types\/page"}],"author":[{"embeddable":true,"href":"https:\/\/jmargu.webs.ull.es\/index.php?rest_route=\/wp\/v2\/users\/1"}],"replies":[{"embeddable":true,"href":"https:\/\/jmargu.webs.ull.es\/index.php?rest_route=%2Fwp%2Fv2%2Fcomments&post=14"}],"version-history":[{"count":38,"href":"https:\/\/jmargu.webs.ull.es\/index.php?rest_route=\/wp\/v2\/pages\/14\/revisions"}],"predecessor-version":[{"id":905,"href":"https:\/\/jmargu.webs.ull.es\/index.php?rest_route=\/wp\/v2\/pages\/14\/revisions\/905"}],"wp:attachment":[{"href":"https:\/\/jmargu.webs.ull.es\/index.php?rest_route=%2Fwp%2Fv2%2Fmedia&parent=14"}],"curies":[{"name":"wp","href":"https:\/\/api.w.org\/{rel}","templated":true}]}}