{"id":20,"date":"2014-05-20T00:01:15","date_gmt":"2014-05-20T00:01:15","guid":{"rendered":"http:\/\/jmargu.webs.ull.es\/?page_id=20"},"modified":"2018-05-14T14:15:43","modified_gmt":"2018-05-14T14:15:43","slug":"atrae-research-group","status":"publish","type":"page","link":"https:\/\/jmargu.webs.ull.es\/?page_id=20","title":{"rendered":"-atRAe- Group"},"content":{"rendered":"<div id=\"google_language_translator\" class=\"default-language-es\"><\/div>\n<h1>-atRAe- Group.&nbsp; Aplicaci\u00f3n de Tecnolog\u00edas de Realidad Aumentada en Educaci\u00f3n<\/h1>\n<p><a href=\"https:\/\/www.ull.es\/investigacion\/grupos-investigacion\/aplicacion-de-tecnologias-de-realidad-aumentada-en-educacion\/\" target=\"_blank\" rel=\"noopener noreferrer\">Official Research Group<\/a> registered by Universidad de La Laguna&nbsp;<\/p>\n<p><strong>Website <a href=\"http:\/\/atrae.webs.ull.es\" target=\"_blank\" rel=\"noopener noreferrer\">atRAe group<\/a><\/strong><\/p>\n<p>Website Project &nbsp;<a href=\"http:\/\/atrae.webs.ull.es\/capturadormovimiento\/?page_id=32\" target=\"_blank\" rel=\"noopener noreferrer\">MOCAP_ULL<\/a>&nbsp;&#8211; MOTION CAPTION Project of atRAe Group<\/p>\n<h1>ALGAE Group. Active Learning Group for Active Education<\/h1>\n<p><a href=\"https:\/\/www.ull.es\/investigacion\/grupos-investigacion\/aplicacion-de-tecnologias-de-realidad-aumentada-en-educacion\/\" target=\"_blank\" rel=\"noopener noreferrer\">Official Research Group<\/a> registered by Universidad de La Laguna&nbsp;<\/p>\n<p><strong>Website ALGAE<\/strong> &#8211; Project: <a href=\"http:\/\/www.ieducative.net\/\" target=\"_blank\" rel=\"noopener noreferrer\">iEducative<\/a><\/p>\n<p>&nbsp;<\/p>\n<h1>DEHAES Group. Research on the development of spatial skills<\/h1>\n<p><a href=\"https:\/\/www.ull.es\/investigacion\/grupos-investigacion\/grupo-de-investigacion-en-habilidades-espaciales-dehaes\/\">Official Research Group<\/a> registered by Universidad de La Laguna&nbsp;<\/p>\n<p><strong>Website<a href=\"http:\/\/dehaes.webs.ull.es\/\" target=\"_blank\" rel=\"noopener noreferrer\"> DEHAES<\/a><\/strong>&nbsp;&#8211;<\/p>\n","protected":false},"excerpt":{"rendered":"<p>-atRAe- Group.&nbsp; Aplicaci\u00f3n de Tecnolog\u00edas de Realidad Aumentada en Educaci\u00f3n Official Research Group registered by Universidad de La Laguna&nbsp; Website atRAe group Website Project &nbsp;MOCAP_ULL&nbsp;&#8211; MOTION CAPTION Project of atRAe Group ALGAE Group. Active Learning Group for Active Education Official Research Group registered by Universidad de La Laguna&nbsp; Website ALGAE &#8211; Project: iEducative &nbsp; DEHAES [&hellip;]<\/p>\n","protected":false},"author":1,"featured_media":0,"parent":0,"menu_order":5,"comment_status":"closed","ping_status":"closed","template":"","meta":{"_bbp_topic_count":0,"_bbp_reply_count":0,"_bbp_total_topic_count":0,"_bbp_total_reply_count":0,"_bbp_voice_count":0,"_bbp_anonymous_reply_count":0,"_bbp_topic_count_hidden":0,"_bbp_reply_count_hidden":0,"_bbp_forum_subforum_count":0,"ngg_post_thumbnail":0,"footnotes":""},"class_list":["post-20","page","type-page","status-publish","hentry"],"yoast_head":"<!-- This site is optimized with the Yoast SEO plugin v22.0 - https:\/\/yoast.com\/wordpress\/plugins\/seo\/ -->\n<title>-atRAe- Group - Jorge Mart\u00edn-Guti\u00e9rrez<\/title>\n<meta name=\"robots\" content=\"index, follow, max-snippet:-1, max-image-preview:large, max-video-preview:-1\" \/>\n<link rel=\"canonical\" href=\"https:\/\/jmargu.webs.ull.es\/?page_id=20\" \/>\n<meta property=\"og:locale\" content=\"es_ES\" \/>\n<meta property=\"og:type\" content=\"article\" \/>\n<meta property=\"og:title\" content=\"-atRAe- Group - Jorge Mart\u00edn-Guti\u00e9rrez\" \/>\n<meta property=\"og:description\" content=\"-atRAe- Group.&nbsp; Aplicaci\u00f3n de Tecnolog\u00edas de Realidad Aumentada en Educaci\u00f3n Official Research Group registered by Universidad de La Laguna&nbsp; Website atRAe group Website Project &nbsp;MOCAP_ULL&nbsp;&#8211; MOTION CAPTION Project of atRAe Group ALGAE Group. Active Learning Group for Active Education Official Research Group registered by Universidad de La Laguna&nbsp; Website ALGAE &#8211; Project: iEducative &nbsp; DEHAES [&hellip;]\" \/>\n<meta property=\"og:url\" content=\"https:\/\/jmargu.webs.ull.es\/?page_id=20\" \/>\n<meta property=\"og:site_name\" content=\"Jorge Mart\u00edn-Guti\u00e9rrez\" \/>\n<meta property=\"article:modified_time\" content=\"2018-05-14T14:15:43+00:00\" \/>\n<meta name=\"twitter:card\" content=\"summary_large_image\" \/>\n<script type=\"application\/ld+json\" class=\"yoast-schema-graph\">{\"@context\":\"https:\/\/schema.org\",\"@graph\":[{\"@type\":\"WebPage\",\"@id\":\"https:\/\/jmargu.webs.ull.es\/?page_id=20\",\"url\":\"https:\/\/jmargu.webs.ull.es\/?page_id=20\",\"name\":\"-atRAe- Group - Jorge Mart\u00edn-Guti\u00e9rrez\",\"isPartOf\":{\"@id\":\"https:\/\/jmargu.webs.ull.es\/#website\"},\"datePublished\":\"2014-05-20T00:01:15+00:00\",\"dateModified\":\"2018-05-14T14:15:43+00:00\",\"breadcrumb\":{\"@id\":\"https:\/\/jmargu.webs.ull.es\/?page_id=20#breadcrumb\"},\"inLanguage\":\"es\",\"potentialAction\":[{\"@type\":\"ReadAction\",\"target\":[\"https:\/\/jmargu.webs.ull.es\/?page_id=20\"]}]},{\"@type\":\"BreadcrumbList\",\"@id\":\"https:\/\/jmargu.webs.ull.es\/?page_id=20#breadcrumb\",\"itemListElement\":[{\"@type\":\"ListItem\",\"position\":1,\"name\":\"Portada\",\"item\":\"https:\/\/jmargu.webs.ull.es\/\"},{\"@type\":\"ListItem\",\"position\":2,\"name\":\"-atRAe- Group\"}]},{\"@type\":\"WebSite\",\"@id\":\"https:\/\/jmargu.webs.ull.es\/#website\",\"url\":\"https:\/\/jmargu.webs.ull.es\/\",\"name\":\"Jorge Mart\u00edn-Guti\u00e9rrez\",\"description\":\"Professor and Researcher at Universidad de La Laguna\",\"potentialAction\":[{\"@type\":\"SearchAction\",\"target\":{\"@type\":\"EntryPoint\",\"urlTemplate\":\"https:\/\/jmargu.webs.ull.es\/?s={search_term_string}\"},\"query-input\":\"required name=search_term_string\"}],\"inLanguage\":\"es\"}]}<\/script>\n<!-- \/ Yoast SEO plugin. -->","yoast_head_json":{"title":"-atRAe- Group - Jorge Mart\u00edn-Guti\u00e9rrez","robots":{"index":"index","follow":"follow","max-snippet":"max-snippet:-1","max-image-preview":"max-image-preview:large","max-video-preview":"max-video-preview:-1"},"canonical":"https:\/\/jmargu.webs.ull.es\/?page_id=20","og_locale":"es_ES","og_type":"article","og_title":"-atRAe- Group - Jorge Mart\u00edn-Guti\u00e9rrez","og_description":"-atRAe- Group.&nbsp; Aplicaci\u00f3n de Tecnolog\u00edas de Realidad Aumentada en Educaci\u00f3n Official Research Group registered by Universidad de La Laguna&nbsp; Website atRAe group Website Project &nbsp;MOCAP_ULL&nbsp;&#8211; MOTION CAPTION Project of atRAe Group ALGAE Group. Active Learning Group for Active Education Official Research Group registered by Universidad de La Laguna&nbsp; Website ALGAE &#8211; Project: iEducative &nbsp; DEHAES [&hellip;]","og_url":"https:\/\/jmargu.webs.ull.es\/?page_id=20","og_site_name":"Jorge Mart\u00edn-Guti\u00e9rrez","article_modified_time":"2018-05-14T14:15:43+00:00","twitter_card":"summary_large_image","schema":{"@context":"https:\/\/schema.org","@graph":[{"@type":"WebPage","@id":"https:\/\/jmargu.webs.ull.es\/?page_id=20","url":"https:\/\/jmargu.webs.ull.es\/?page_id=20","name":"-atRAe- Group - Jorge Mart\u00edn-Guti\u00e9rrez","isPartOf":{"@id":"https:\/\/jmargu.webs.ull.es\/#website"},"datePublished":"2014-05-20T00:01:15+00:00","dateModified":"2018-05-14T14:15:43+00:00","breadcrumb":{"@id":"https:\/\/jmargu.webs.ull.es\/?page_id=20#breadcrumb"},"inLanguage":"es","potentialAction":[{"@type":"ReadAction","target":["https:\/\/jmargu.webs.ull.es\/?page_id=20"]}]},{"@type":"BreadcrumbList","@id":"https:\/\/jmargu.webs.ull.es\/?page_id=20#breadcrumb","itemListElement":[{"@type":"ListItem","position":1,"name":"Portada","item":"https:\/\/jmargu.webs.ull.es\/"},{"@type":"ListItem","position":2,"name":"-atRAe- Group"}]},{"@type":"WebSite","@id":"https:\/\/jmargu.webs.ull.es\/#website","url":"https:\/\/jmargu.webs.ull.es\/","name":"Jorge Mart\u00edn-Guti\u00e9rrez","description":"Professor and Researcher at Universidad de La Laguna","potentialAction":[{"@type":"SearchAction","target":{"@type":"EntryPoint","urlTemplate":"https:\/\/jmargu.webs.ull.es\/?s={search_term_string}"},"query-input":"required name=search_term_string"}],"inLanguage":"es"}]}},"_links":{"self":[{"href":"https:\/\/jmargu.webs.ull.es\/index.php?rest_route=\/wp\/v2\/pages\/20","targetHints":{"allow":["GET"]}}],"collection":[{"href":"https:\/\/jmargu.webs.ull.es\/index.php?rest_route=\/wp\/v2\/pages"}],"about":[{"href":"https:\/\/jmargu.webs.ull.es\/index.php?rest_route=\/wp\/v2\/types\/page"}],"author":[{"embeddable":true,"href":"https:\/\/jmargu.webs.ull.es\/index.php?rest_route=\/wp\/v2\/users\/1"}],"replies":[{"embeddable":true,"href":"https:\/\/jmargu.webs.ull.es\/index.php?rest_route=%2Fwp%2Fv2%2Fcomments&post=20"}],"version-history":[{"count":10,"href":"https:\/\/jmargu.webs.ull.es\/index.php?rest_route=\/wp\/v2\/pages\/20\/revisions"}],"predecessor-version":[{"id":765,"href":"https:\/\/jmargu.webs.ull.es\/index.php?rest_route=\/wp\/v2\/pages\/20\/revisions\/765"}],"wp:attachment":[{"href":"https:\/\/jmargu.webs.ull.es\/index.php?rest_route=%2Fwp%2Fv2%2Fmedia&parent=20"}],"curies":[{"name":"wp","href":"https:\/\/api.w.org\/{rel}","templated":true}]}}