{"id":22,"date":"2014-05-19T23:57:29","date_gmt":"2014-05-19T23:57:29","guid":{"rendered":"http:\/\/jmargu.webs.ull.es\/?page_id=22"},"modified":"2018-05-14T14:10:38","modified_gmt":"2018-05-14T14:10:38","slug":"teaching","status":"publish","type":"page","link":"https:\/\/jmargu.webs.ull.es\/?page_id=22","title":{"rendered":"Docencia"},"content":{"rendered":"<p><div id=\"google_language_translator\" class=\"default-language-es\"><\/div><br \/>\n<strong>Graduado en Ingenier\u00eda Mec\u00e1nica.<\/strong><\/p>\n<ul>\n<li>Organizaci\u00f3n y Gesti\u00f3n de Proyectos<\/li>\n<li>Ingenier\u00eda Gr\u00e1fica.<\/li>\n<li>Oficina T\u00e9cnica\/Proyectos<\/li>\n<li>Trabajo fin de Grado.<\/li>\n<\/ul>\n<p><strong>Master en Ingenier\u00eda Industrial<\/strong><\/p>\n<ul>\n<li>Dise\u00f1o en Ingenier\u00eda con Herramientas Gr\u00e1ficas Avanzadas<\/li>\n<\/ul>\n<p><strong>Graduado en Ingenieria Electr\u00f3nica y Autom\u00e1tica<\/strong><\/p>\n<ul>\n<li>Organizaci\u00f3n y Gesti\u00f3n de Proyectos<\/li>\n<\/ul>\n<p><strong>Graduado en Ingenier\u00eda Civil<\/strong><\/p>\n<ul>\n<li>Urbanismo y Ordenaci\u00f3n del Territorio<\/li>\n<\/ul>\n<p><strong>Ingenier\u00eda T\u00e9cnica Industrial, Especialidad Mec\u00e1nica.<\/strong><\/p>\n<ul>\n<li>Expresi\u00f3n Gr\u00e1fica y Dise\u00f1o Asistido por Ordenador<\/li>\n<li>Oficina T\u00e9cnica<\/li>\n<li>Proyectos fin de carrera.<\/li>\n<\/ul>\n<p><strong>Ingenieria T\u00e9cnica Agr\u00edcola<\/strong><\/p>\n<ul>\n<li>Sistemas de Representaci\u00f3n<\/li>\n<\/ul>\n<p><strong>Ingenier\u00eda Qu\u00edmica<\/strong><\/p>\n<ul>\n<li>Expresi\u00f3n Gr\u00e1fica.<\/li>\n<\/ul>\n<p><strong>Master Formaci\u00f3n del Profesorado de Educaci\u00f3n Secundaria Obligatoria, Bachillerato, Formaci\u00f3n Profesional y Ense\u00f1anza de Idiomas<\/strong><\/p>\n<ul>\n<li>Aprendizaje y ense\u00f1anza en tecnolog\u00eda e inform\u00e1tica<\/li>\n<li>Innovaci\u00f3n docente e iniciaci\u00f3n a la investigaci\u00f3n Educativa<\/li>\n<li>Innovaci\u00f3n docente e Investigaci\u00f3n Educativa en la ense\u00f1anza de M\u00f3dulos Profesionales<\/li>\n<\/ul>\n<p>&nbsp;<\/p>\n","protected":false},"excerpt":{"rendered":"<p>Graduado en Ingenier\u00eda Mec\u00e1nica. Organizaci\u00f3n y Gesti\u00f3n de Proyectos Ingenier\u00eda Gr\u00e1fica. Oficina T\u00e9cnica\/Proyectos Trabajo fin de Grado. Master en Ingenier\u00eda Industrial Dise\u00f1o en Ingenier\u00eda con Herramientas Gr\u00e1ficas Avanzadas Graduado en Ingenieria Electr\u00f3nica y Autom\u00e1tica Organizaci\u00f3n y Gesti\u00f3n de Proyectos Graduado en Ingenier\u00eda Civil Urbanismo y Ordenaci\u00f3n del Territorio Ingenier\u00eda T\u00e9cnica Industrial, Especialidad Mec\u00e1nica. Expresi\u00f3n Gr\u00e1fica [&hellip;]<\/p>\n","protected":false},"author":1,"featured_media":0,"parent":0,"menu_order":6,"comment_status":"closed","ping_status":"closed","template":"","meta":{"_bbp_topic_count":0,"_bbp_reply_count":0,"_bbp_total_topic_count":0,"_bbp_total_reply_count":0,"_bbp_voice_count":0,"_bbp_anonymous_reply_count":0,"_bbp_topic_count_hidden":0,"_bbp_reply_count_hidden":0,"_bbp_forum_subforum_count":0,"ngg_post_thumbnail":0,"footnotes":""},"class_list":["post-22","page","type-page","status-publish","hentry"],"yoast_head":"<!-- This site is optimized with the Yoast SEO plugin v22.0 - https:\/\/yoast.com\/wordpress\/plugins\/seo\/ -->\n<title>Docencia - Jorge Mart\u00edn-Guti\u00e9rrez<\/title>\n<meta name=\"robots\" content=\"index, follow, max-snippet:-1, max-image-preview:large, max-video-preview:-1\" \/>\n<link rel=\"canonical\" href=\"https:\/\/jmargu.webs.ull.es\/?page_id=22\" \/>\n<meta property=\"og:locale\" content=\"es_ES\" \/>\n<meta property=\"og:type\" content=\"article\" \/>\n<meta property=\"og:title\" content=\"Docencia - Jorge Mart\u00edn-Guti\u00e9rrez\" \/>\n<meta property=\"og:description\" content=\"Graduado en Ingenier\u00eda Mec\u00e1nica. Organizaci\u00f3n y Gesti\u00f3n de Proyectos Ingenier\u00eda Gr\u00e1fica. Oficina T\u00e9cnica\/Proyectos Trabajo fin de Grado. Master en Ingenier\u00eda Industrial Dise\u00f1o en Ingenier\u00eda con Herramientas Gr\u00e1ficas Avanzadas Graduado en Ingenieria Electr\u00f3nica y Autom\u00e1tica Organizaci\u00f3n y Gesti\u00f3n de Proyectos Graduado en Ingenier\u00eda Civil Urbanismo y Ordenaci\u00f3n del Territorio Ingenier\u00eda T\u00e9cnica Industrial, Especialidad Mec\u00e1nica. Expresi\u00f3n Gr\u00e1fica [&hellip;]\" \/>\n<meta property=\"og:url\" content=\"https:\/\/jmargu.webs.ull.es\/?page_id=22\" \/>\n<meta property=\"og:site_name\" content=\"Jorge Mart\u00edn-Guti\u00e9rrez\" \/>\n<meta property=\"article:modified_time\" content=\"2018-05-14T14:10:38+00:00\" \/>\n<meta name=\"twitter:card\" content=\"summary_large_image\" \/>\n<meta name=\"twitter:label1\" content=\"Tiempo de lectura\" \/>\n\t<meta name=\"twitter:data1\" content=\"1 minuto\" \/>\n<script type=\"application\/ld+json\" class=\"yoast-schema-graph\">{\"@context\":\"https:\/\/schema.org\",\"@graph\":[{\"@type\":\"WebPage\",\"@id\":\"https:\/\/jmargu.webs.ull.es\/?page_id=22\",\"url\":\"https:\/\/jmargu.webs.ull.es\/?page_id=22\",\"name\":\"Docencia - Jorge Mart\u00edn-Guti\u00e9rrez\",\"isPartOf\":{\"@id\":\"https:\/\/jmargu.webs.ull.es\/#website\"},\"datePublished\":\"2014-05-19T23:57:29+00:00\",\"dateModified\":\"2018-05-14T14:10:38+00:00\",\"breadcrumb\":{\"@id\":\"https:\/\/jmargu.webs.ull.es\/?page_id=22#breadcrumb\"},\"inLanguage\":\"es\",\"potentialAction\":[{\"@type\":\"ReadAction\",\"target\":[\"https:\/\/jmargu.webs.ull.es\/?page_id=22\"]}]},{\"@type\":\"BreadcrumbList\",\"@id\":\"https:\/\/jmargu.webs.ull.es\/?page_id=22#breadcrumb\",\"itemListElement\":[{\"@type\":\"ListItem\",\"position\":1,\"name\":\"Portada\",\"item\":\"https:\/\/jmargu.webs.ull.es\/\"},{\"@type\":\"ListItem\",\"position\":2,\"name\":\"Docencia\"}]},{\"@type\":\"WebSite\",\"@id\":\"https:\/\/jmargu.webs.ull.es\/#website\",\"url\":\"https:\/\/jmargu.webs.ull.es\/\",\"name\":\"Jorge Mart\u00edn-Guti\u00e9rrez\",\"description\":\"Professor and Researcher at Universidad de La Laguna\",\"potentialAction\":[{\"@type\":\"SearchAction\",\"target\":{\"@type\":\"EntryPoint\",\"urlTemplate\":\"https:\/\/jmargu.webs.ull.es\/?s={search_term_string}\"},\"query-input\":\"required name=search_term_string\"}],\"inLanguage\":\"es\"}]}<\/script>\n<!-- \/ Yoast SEO plugin. -->","yoast_head_json":{"title":"Docencia - Jorge Mart\u00edn-Guti\u00e9rrez","robots":{"index":"index","follow":"follow","max-snippet":"max-snippet:-1","max-image-preview":"max-image-preview:large","max-video-preview":"max-video-preview:-1"},"canonical":"https:\/\/jmargu.webs.ull.es\/?page_id=22","og_locale":"es_ES","og_type":"article","og_title":"Docencia - Jorge Mart\u00edn-Guti\u00e9rrez","og_description":"Graduado en Ingenier\u00eda Mec\u00e1nica. Organizaci\u00f3n y Gesti\u00f3n de Proyectos Ingenier\u00eda Gr\u00e1fica. Oficina T\u00e9cnica\/Proyectos Trabajo fin de Grado. Master en Ingenier\u00eda Industrial Dise\u00f1o en Ingenier\u00eda con Herramientas Gr\u00e1ficas Avanzadas Graduado en Ingenieria Electr\u00f3nica y Autom\u00e1tica Organizaci\u00f3n y Gesti\u00f3n de Proyectos Graduado en Ingenier\u00eda Civil Urbanismo y Ordenaci\u00f3n del Territorio Ingenier\u00eda T\u00e9cnica Industrial, Especialidad Mec\u00e1nica. Expresi\u00f3n Gr\u00e1fica [&hellip;]","og_url":"https:\/\/jmargu.webs.ull.es\/?page_id=22","og_site_name":"Jorge Mart\u00edn-Guti\u00e9rrez","article_modified_time":"2018-05-14T14:10:38+00:00","twitter_card":"summary_large_image","twitter_misc":{"Tiempo de lectura":"1 minuto"},"schema":{"@context":"https:\/\/schema.org","@graph":[{"@type":"WebPage","@id":"https:\/\/jmargu.webs.ull.es\/?page_id=22","url":"https:\/\/jmargu.webs.ull.es\/?page_id=22","name":"Docencia - Jorge Mart\u00edn-Guti\u00e9rrez","isPartOf":{"@id":"https:\/\/jmargu.webs.ull.es\/#website"},"datePublished":"2014-05-19T23:57:29+00:00","dateModified":"2018-05-14T14:10:38+00:00","breadcrumb":{"@id":"https:\/\/jmargu.webs.ull.es\/?page_id=22#breadcrumb"},"inLanguage":"es","potentialAction":[{"@type":"ReadAction","target":["https:\/\/jmargu.webs.ull.es\/?page_id=22"]}]},{"@type":"BreadcrumbList","@id":"https:\/\/jmargu.webs.ull.es\/?page_id=22#breadcrumb","itemListElement":[{"@type":"ListItem","position":1,"name":"Portada","item":"https:\/\/jmargu.webs.ull.es\/"},{"@type":"ListItem","position":2,"name":"Docencia"}]},{"@type":"WebSite","@id":"https:\/\/jmargu.webs.ull.es\/#website","url":"https:\/\/jmargu.webs.ull.es\/","name":"Jorge Mart\u00edn-Guti\u00e9rrez","description":"Professor and Researcher at Universidad de La Laguna","potentialAction":[{"@type":"SearchAction","target":{"@type":"EntryPoint","urlTemplate":"https:\/\/jmargu.webs.ull.es\/?s={search_term_string}"},"query-input":"required name=search_term_string"}],"inLanguage":"es"}]}},"_links":{"self":[{"href":"https:\/\/jmargu.webs.ull.es\/index.php?rest_route=\/wp\/v2\/pages\/22","targetHints":{"allow":["GET"]}}],"collection":[{"href":"https:\/\/jmargu.webs.ull.es\/index.php?rest_route=\/wp\/v2\/pages"}],"about":[{"href":"https:\/\/jmargu.webs.ull.es\/index.php?rest_route=\/wp\/v2\/types\/page"}],"author":[{"embeddable":true,"href":"https:\/\/jmargu.webs.ull.es\/index.php?rest_route=\/wp\/v2\/users\/1"}],"replies":[{"embeddable":true,"href":"https:\/\/jmargu.webs.ull.es\/index.php?rest_route=%2Fwp%2Fv2%2Fcomments&post=22"}],"version-history":[{"count":8,"href":"https:\/\/jmargu.webs.ull.es\/index.php?rest_route=\/wp\/v2\/pages\/22\/revisions"}],"predecessor-version":[{"id":764,"href":"https:\/\/jmargu.webs.ull.es\/index.php?rest_route=\/wp\/v2\/pages\/22\/revisions\/764"}],"wp:attachment":[{"href":"https:\/\/jmargu.webs.ull.es\/index.php?rest_route=%2Fwp%2Fv2%2Fmedia&parent=22"}],"curies":[{"name":"wp","href":"https:\/\/api.w.org\/{rel}","templated":true}]}}