{"id":24,"date":"2014-05-20T00:00:56","date_gmt":"2014-05-20T00:00:56","guid":{"rendered":"http:\/\/jmargu.webs.ull.es\/?page_id=24"},"modified":"2018-04-10T21:37:41","modified_gmt":"2018-04-10T21:37:41","slug":"contact","status":"publish","type":"page","link":"https:\/\/jmargu.webs.ull.es\/?page_id=24","title":{"rendered":"Acceso a Links"},"content":{"rendered":"<div id=\"google_language_translator\" class=\"default-language-es\"><\/div>\n<p><a href=\"https:\/\/www.ull.es\/departamentos\/tecnicas-y-proyectos-en-ingenieria-y-arquitectura\/\"><strong>Dpto. T\u00e9cnicas y Proyectos de Ingenier\u00eda y Arquitectura.<\/strong><\/a><\/p>\n<p>Av. Angel Guimer\u00e1 Jorge SN<\/p>\n<p>CP. 38202. San Cristobal de La Laguna, Tenerife. Spain.<\/p>\n<p>e-mail: jmargu@ull.edu.es<\/p>\n<p>Tlf: +34 922 319000 (Ext- 6210)<\/p>\n<p>&nbsp;<\/p>\n","protected":false},"excerpt":{"rendered":"<p>Dpto. T\u00e9cnicas y Proyectos de Ingenier\u00eda y Arquitectura. Av. Angel Guimer\u00e1 Jorge SN CP. 38202. San Cristobal de La Laguna, Tenerife. Spain. e-mail: jmargu@ull.edu.es Tlf: +34 922 319000 (Ext- 6210) &nbsp;<\/p>\n","protected":false},"author":1,"featured_media":0,"parent":9,"menu_order":7,"comment_status":"closed","ping_status":"closed","template":"","meta":{"_bbp_topic_count":0,"_bbp_reply_count":0,"_bbp_total_topic_count":0,"_bbp_total_reply_count":0,"_bbp_voice_count":0,"_bbp_anonymous_reply_count":0,"_bbp_topic_count_hidden":0,"_bbp_reply_count_hidden":0,"_bbp_forum_subforum_count":0,"ngg_post_thumbnail":0,"footnotes":""},"class_list":["post-24","page","type-page","status-publish","hentry"],"yoast_head":"<!-- This site is optimized with the Yoast SEO plugin v22.0 - https:\/\/yoast.com\/wordpress\/plugins\/seo\/ -->\n<title>Acceso a Links - Jorge Mart\u00edn-Guti\u00e9rrez<\/title>\n<meta name=\"robots\" content=\"index, follow, max-snippet:-1, max-image-preview:large, max-video-preview:-1\" \/>\n<link rel=\"canonical\" href=\"https:\/\/jmargu.webs.ull.es\/?page_id=24\" \/>\n<meta property=\"og:locale\" content=\"es_ES\" \/>\n<meta property=\"og:type\" content=\"article\" \/>\n<meta property=\"og:title\" content=\"Acceso a Links - Jorge Mart\u00edn-Guti\u00e9rrez\" \/>\n<meta property=\"og:description\" content=\"Dpto. T\u00e9cnicas y Proyectos de Ingenier\u00eda y Arquitectura. Av. Angel Guimer\u00e1 Jorge SN CP. 38202. San Cristobal de La Laguna, Tenerife. Spain. e-mail: jmargu@ull.edu.es Tlf: +34 922 319000 (Ext- 6210) &nbsp;\" \/>\n<meta property=\"og:url\" content=\"https:\/\/jmargu.webs.ull.es\/?page_id=24\" \/>\n<meta property=\"og:site_name\" content=\"Jorge Mart\u00edn-Guti\u00e9rrez\" \/>\n<meta property=\"article:modified_time\" content=\"2018-04-10T21:37:41+00:00\" \/>\n<meta name=\"twitter:card\" content=\"summary_large_image\" \/>\n<script type=\"application\/ld+json\" class=\"yoast-schema-graph\">{\"@context\":\"https:\/\/schema.org\",\"@graph\":[{\"@type\":\"WebPage\",\"@id\":\"https:\/\/jmargu.webs.ull.es\/?page_id=24\",\"url\":\"https:\/\/jmargu.webs.ull.es\/?page_id=24\",\"name\":\"Acceso a Links - Jorge Mart\u00edn-Guti\u00e9rrez\",\"isPartOf\":{\"@id\":\"https:\/\/jmargu.webs.ull.es\/#website\"},\"datePublished\":\"2014-05-20T00:00:56+00:00\",\"dateModified\":\"2018-04-10T21:37:41+00:00\",\"breadcrumb\":{\"@id\":\"https:\/\/jmargu.webs.ull.es\/?page_id=24#breadcrumb\"},\"inLanguage\":\"es\",\"potentialAction\":[{\"@type\":\"ReadAction\",\"target\":[\"https:\/\/jmargu.webs.ull.es\/?page_id=24\"]}]},{\"@type\":\"BreadcrumbList\",\"@id\":\"https:\/\/jmargu.webs.ull.es\/?page_id=24#breadcrumb\",\"itemListElement\":[{\"@type\":\"ListItem\",\"position\":1,\"name\":\"Portada\",\"item\":\"https:\/\/jmargu.webs.ull.es\/\"},{\"@type\":\"ListItem\",\"position\":2,\"name\":\"Perfil\",\"item\":\"https:\/\/jmargu.webs.ull.es\/?page_id=9\"},{\"@type\":\"ListItem\",\"position\":3,\"name\":\"Acceso a Links\"}]},{\"@type\":\"WebSite\",\"@id\":\"https:\/\/jmargu.webs.ull.es\/#website\",\"url\":\"https:\/\/jmargu.webs.ull.es\/\",\"name\":\"Jorge Mart\u00edn-Guti\u00e9rrez\",\"description\":\"Professor and Researcher at Universidad de La Laguna\",\"potentialAction\":[{\"@type\":\"SearchAction\",\"target\":{\"@type\":\"EntryPoint\",\"urlTemplate\":\"https:\/\/jmargu.webs.ull.es\/?s={search_term_string}\"},\"query-input\":\"required name=search_term_string\"}],\"inLanguage\":\"es\"}]}<\/script>\n<!-- \/ Yoast SEO plugin. -->","yoast_head_json":{"title":"Acceso a Links - Jorge Mart\u00edn-Guti\u00e9rrez","robots":{"index":"index","follow":"follow","max-snippet":"max-snippet:-1","max-image-preview":"max-image-preview:large","max-video-preview":"max-video-preview:-1"},"canonical":"https:\/\/jmargu.webs.ull.es\/?page_id=24","og_locale":"es_ES","og_type":"article","og_title":"Acceso a Links - Jorge Mart\u00edn-Guti\u00e9rrez","og_description":"Dpto. T\u00e9cnicas y Proyectos de Ingenier\u00eda y Arquitectura. Av. Angel Guimer\u00e1 Jorge SN CP. 38202. San Cristobal de La Laguna, Tenerife. Spain. e-mail: jmargu@ull.edu.es Tlf: +34 922 319000 (Ext- 6210) &nbsp;","og_url":"https:\/\/jmargu.webs.ull.es\/?page_id=24","og_site_name":"Jorge Mart\u00edn-Guti\u00e9rrez","article_modified_time":"2018-04-10T21:37:41+00:00","twitter_card":"summary_large_image","schema":{"@context":"https:\/\/schema.org","@graph":[{"@type":"WebPage","@id":"https:\/\/jmargu.webs.ull.es\/?page_id=24","url":"https:\/\/jmargu.webs.ull.es\/?page_id=24","name":"Acceso a Links - Jorge Mart\u00edn-Guti\u00e9rrez","isPartOf":{"@id":"https:\/\/jmargu.webs.ull.es\/#website"},"datePublished":"2014-05-20T00:00:56+00:00","dateModified":"2018-04-10T21:37:41+00:00","breadcrumb":{"@id":"https:\/\/jmargu.webs.ull.es\/?page_id=24#breadcrumb"},"inLanguage":"es","potentialAction":[{"@type":"ReadAction","target":["https:\/\/jmargu.webs.ull.es\/?page_id=24"]}]},{"@type":"BreadcrumbList","@id":"https:\/\/jmargu.webs.ull.es\/?page_id=24#breadcrumb","itemListElement":[{"@type":"ListItem","position":1,"name":"Portada","item":"https:\/\/jmargu.webs.ull.es\/"},{"@type":"ListItem","position":2,"name":"Perfil","item":"https:\/\/jmargu.webs.ull.es\/?page_id=9"},{"@type":"ListItem","position":3,"name":"Acceso a Links"}]},{"@type":"WebSite","@id":"https:\/\/jmargu.webs.ull.es\/#website","url":"https:\/\/jmargu.webs.ull.es\/","name":"Jorge Mart\u00edn-Guti\u00e9rrez","description":"Professor and Researcher at Universidad de La Laguna","potentialAction":[{"@type":"SearchAction","target":{"@type":"EntryPoint","urlTemplate":"https:\/\/jmargu.webs.ull.es\/?s={search_term_string}"},"query-input":"required name=search_term_string"}],"inLanguage":"es"}]}},"_links":{"self":[{"href":"https:\/\/jmargu.webs.ull.es\/index.php?rest_route=\/wp\/v2\/pages\/24","targetHints":{"allow":["GET"]}}],"collection":[{"href":"https:\/\/jmargu.webs.ull.es\/index.php?rest_route=\/wp\/v2\/pages"}],"about":[{"href":"https:\/\/jmargu.webs.ull.es\/index.php?rest_route=\/wp\/v2\/types\/page"}],"author":[{"embeddable":true,"href":"https:\/\/jmargu.webs.ull.es\/index.php?rest_route=\/wp\/v2\/users\/1"}],"replies":[{"embeddable":true,"href":"https:\/\/jmargu.webs.ull.es\/index.php?rest_route=%2Fwp%2Fv2%2Fcomments&post=24"}],"version-history":[{"count":10,"href":"https:\/\/jmargu.webs.ull.es\/index.php?rest_route=\/wp\/v2\/pages\/24\/revisions"}],"predecessor-version":[{"id":750,"href":"https:\/\/jmargu.webs.ull.es\/index.php?rest_route=\/wp\/v2\/pages\/24\/revisions\/750"}],"up":[{"embeddable":true,"href":"https:\/\/jmargu.webs.ull.es\/index.php?rest_route=\/wp\/v2\/pages\/9"}],"wp:attachment":[{"href":"https:\/\/jmargu.webs.ull.es\/index.php?rest_route=%2Fwp%2Fv2%2Fmedia&parent=24"}],"curies":[{"name":"wp","href":"https:\/\/api.w.org\/{rel}","templated":true}]}}